{"id":215,"date":"2022-04-04T21:20:12","date_gmt":"2022-04-04T21:20:12","guid":{"rendered":"https:\/\/kkg.gtl.mybluehost.me\/?page_id=215"},"modified":"2024-03-11T00:14:36","modified_gmt":"2024-03-11T00:14:36","slug":"contacto","status":"publish","type":"page","link":"https:\/\/fantasmafilms.com\/en\/contacto\/","title":{"rendered":"Contacto"},"content":{"rendered":"<div id=\"cntc_frm\" class=\"container\">\n\t<div class=\"row\">\n\t\t<div class=\"col-12\">\n\t\t\t<h2 class=\"text-white text-center mb-3\">Contact Us<\/h3>\n\t\t<\/div>\n\t<\/div>\n\t<p class=\"wpcf7-contact-form-not-found\"><strong>Error:<\/strong> Contact form not found.<\/p>\t\n<\/div>\n\n\n<div id=\"contacto-template\" class=\"contacto-template\" >\n\t<!-- <div class=\"logo-main\">\n\t\t<img decoding=\"async\" src=\"https:\/\/fantasmafilms.com\/wp-content\/uploads\/2022\/03\/vector-fantasma.png\" class=\"animate__animated animate__flipInX\">\n\t<\/div> -->\n\t<div class=\"container\"> \n\t\t<div class=\"side-city\">\n\n\t\t\t\t\t\t\t\t\t\t\t\t\t\t<div class=\"cityline\">\n\t\t\t\t\t\t<a href=\"https:\/\/www.google.com\/maps\/place\/Londres+904,+Mirador,+64070+Monterrey,+N.L.\/@25.6690981,-100.3316585,17z\/data=!3m1!4b1!4m6!3m5!1s0x8662be1ebf3a07d1:0x33fd57994d212a40!8m2!3d25.6690981!4d-100.3316585!16s%2Fg%2F11fl8mymb5\" target=\"_blank\" class=\"animate__animated animate__fadeInLeft animate__delay-1s\">\n\t\t\t\t\t\t\t<span>MONTERREY<\/span>\n\t\t\t\t\t\t<\/a>\n\t\t\t\t\t<\/div>\n\t\t\t\t\t\t\t\t\t\t<div class=\"cityline\">\n\t\t\t\t\t\t<a href=\"https:\/\/maps.app.goo.gl\/jBezwzBxb346Rmmt9\" target=\"_blank\" class=\"animate__animated animate__fadeInLeft animate__delay-1s\">\n\t\t\t\t\t\t\t<span>CDMX<\/span>\n\t\t\t\t\t\t<\/a>\n\t\t\t\t\t<\/div>\n\t\t\t\t\t\t\t\t\t\t\t\t\n\n\t\t\t\t\t\t\t<img decoding=\"async\" src=\"https:\/\/fantasmafilms.com\/wp-content\/uploads\/2022\/03\/vector-fantasma.png\" class=\"animate__animated animate__flipInX animate__delay-5s\">\n\t\t\t\n\t\t\t\t\t\t\t<!-- <p class=\"legal animate__animated animate__fadeIn animate__delay-5s\">\n\t\t\t\t\tLa presente informaci\u00f3n se env\u00eda \u00fanicamente para el destinatario, y contiene informaci\u00f3n de car\u00e1cter CONFIDENCIAL o PRIVILEGIADA. La modificaci\u00f3n, retransmisi\u00f3n, difusi\u00f3n, copia u otro uso de esta informaci\u00f3n por cualquier medio, por personas distintas a destinatario est\u00e1 estrictamente prohibido. Si usted no es el destinatario, por favor notifique al remitente respondiendo a este mensaje, y borre el mismo y sus anexos sin retener copia alguna.\t\t\t\t<\/p> -->\n\t\t\t\t\t<\/div>\n\n\t\t<div class=\"side-contact\">\n\t\t\t\t\t\t\t\t\t\t\t\t<div class=\"cardCity animate__animated\" style=\"opacity: 0\">\n\t\t\t\t\t\t<span>\n\t\t\t\t\t\t\tCALLE LONDRES #904 &#8211; COLONIA MIRADOR <br> C.P. 64070 \t\t\t\t\t\t<\/span>\n\t\t\t\t\t<\/div>\n\t\t\t\t\t\t\t\t\t<div class=\"cardCity animate__animated\" style=\"opacity: 0\">\n\t\t\t\t\t\t<span>\n\t\t\t\t\t\t\tClavel 157, Atlampa, Cuauht\u00e9moc, 06450 Ciudad de M\u00e9xico, CDMX\t\t\t\t\t\t<\/span>\n\t\t\t\t\t<\/div>\n\t\t\t\t\t\t\t\t\t\t\t\n\n\t\t\t<div class=\"allinfotxt\">\n\t\t\t\t<a class=\"animate__animated animate__fadeIn\" href=\"mailto:INFO@fantasmafilms.com\">INFO@fantasmafilms.com<\/a>\n\t\t\t\t\t<br><br>\n\t\t\t\t\t<div class=\"animate__animated animate__fadeIn animate__delay-1s\">\n\t\t\t\t\t\t<p>whatsapp<\/p>\n\t\t\t\t\t\t<a href=\"tel:+52 (81) 8272 5146\">+52 (81) 8272 5146<\/a>\n\t\t\t\t\t<\/div>\n\t\t\t\t\t<br>\n\t\t\t\t\t<p class=\"animate__animated animate__fadeIn animate__delay-1s\">social network<\/p>\n\t\t\t\t\t<p class=\"animate__animated animate__fadeIn animate__delay-2s\">@<span class=\"spacio\"><\/span>fantasmafilms<\/p>\n\t\t\t\t\t<ul>\n\n\t\t\t\t\t\t\t\t\t\t\t\t\t\t\t\t\t\t\t\t<li class=\"animate__animated animate__fadeIn animate__delay-1s\">\n\t\t\t\t\t\t\t\t<a href=\"https:\/\/www.instagram.com\/fantasmafilms\">\n\t\t\t\t\t\t\t\t\tINSTAGRAM\t\t\t\t\t\t\t\t<\/a>\n\t\t\t\t\t\t\t<\/li>\n\n\t\t\t\t\t\t\t\t\t\t\t\t\t\t<li class=\"animate__animated animate__fadeIn animate__delay-1s\">\n\t\t\t\t\t\t\t\t<a href=\"https:\/\/www.facebook.com\/fantasmafilms\/\">\n\t\t\t\t\t\t\t\t\tFACEBOOK\t\t\t\t\t\t\t\t<\/a>\n\t\t\t\t\t\t\t<\/li>\n\n\t\t\t\t\t\t\t\t\t\t\t\t\t\t<li class=\"animate__animated animate__fadeIn animate__delay-1s\">\n\t\t\t\t\t\t\t\t<a href=\"https:\/\/vimeo.com\/fantasmafilms\">\n\t\t\t\t\t\t\t\t\tVIMEO\t\t\t\t\t\t\t\t<\/a>\n\t\t\t\t\t\t\t<\/li>\n\n\t\t\t\t\t\t\t\t\t\t\t\t\t\t<li class=\"animate__animated animate__fadeIn animate__delay-1s\">\n\t\t\t\t\t\t\t\t<a href=\"https:\/\/mx.linkedin.com\/company\/fantasma-films\">\n\t\t\t\t\t\t\t\t\tLINKEDIN\t\t\t\t\t\t\t\t<\/a>\n\t\t\t\t\t\t\t<\/li>\n\n\t\t\t\t\t\t\t\t\t\t\t\t\t\t\t\t\t\t<\/ul>\t\t\t\t\n\t\t\t<\/div>\n\n\t\t<\/div>\n\t<\/div>\n<\/div>\n\n<style>\n\t.wpcf7{\n\t\tmax-width: 100%;\n\t\tcolor: #ffffff;\n\t}\n\t.wpcf7 input[type=submit]{\n\t\tcolor: #ff4802;\n\t\tborder-color: #ff4802;\n\t}\n\t.wpcf7 input[type=submit]:hover{\n\t\tbackground-color: #ff4802;\n\t\tborder-color: #ff4802;\n\t\tcolor: #ffffff;\n\t}\n\t.wpcf7 form.invalid .wpcf7-response-output, .wpcf7 form.unaccepted .wpcf7-response-output, .wpcf7 form.payment-required .wpcf7-response-output{\n\t\tcolor: #ffffff;\n\t}\n\t#cntc_frm h2{\n\t\tfont-family: \"TipografiaTitulos\";\n\t\tfont-size: 62px;\n\t}\n\t.wpcf7 form.sent .wpcf7-response-output{\n\t\tcolor: #ffffff;\n\t}\n\t.wpcf7 input:focus[type=submit]{\n\t\tborder-color:#ff4802;\n\t\tbox-shadow: 0 0 0 .2rem rgba(255, 72, 2, .5);\n\t}\n<\/style>\n\n<script>\n\n\tfunction mostrarDireccion(){\n\n\t\tconst cityAction = document.querySelectorAll('.side-city a');\n\t\tconst cityLocation = document.querySelectorAll('.cardCity');\n\n\t\tconst allinfo = document.querySelectorAll('.allinfotxt')[0];\n\n\t\t\/\/ console.log(cityAction.length);\n\t\tfor (let i = 0 ; i < cityAction.length ; i++){\n\t\t\tcityAction[i].addEventListener('mouseover', function(){\n\t\t\t\tallinfo.classList.add('oscuro');\n\t\t\t\tcityLocation[i].classList.remove('animate__fadeOutRight');\n\t\t\t\tcityLocation[i].classList.add('animate__fadeInRight');\n\t\t\t})\n\t\t\tcityAction[i].addEventListener('mouseout', function(){\n\t\t\t\tcityLocation[i].classList.remove('animate__fadeInRight');\n\t\t\t\tcityLocation[i].classList.add('animate__fadeOutRight');\n\t\t\t\tallinfo.classList.remove('oscuro');\n\t\t\t})\n\t\t}\n\n\t} \n\tmostrarDireccion()\n\n<\/script>","protected":false},"excerpt":{"rendered":"<p> [&#8230;]<\/p>\n<p><a class=\"btn btn-secondary understrap-read-more-link\" href=\"https:\/\/fantasmafilms.com\/en\/contacto\/\">Read More&#8230;<span class=\"screen-reader-text\"> from Contacto<\/span><\/a><\/p>","protected":false},"author":1,"featured_media":0,"parent":0,"menu_order":0,"comment_status":"closed","ping_status":"closed","template":"","meta":{"footnotes":""},"class_list":["post-215","page","type-page","status-publish","hentry"],"yoast_head":"<!-- This site is optimized with the Yoast SEO plugin v26.9 - https:\/\/yoast.com\/product\/yoast-seo-wordpress\/ -->\n<title>Contacto - Fantasma Films<\/title>\n<meta name=\"robots\" content=\"index, follow, max-snippet:-1, max-image-preview:large, max-video-preview:-1\" \/>\n<link rel=\"canonical\" href=\"https:\/\/fantasmafilms.com\/en\/contacto\/\" \/>\n<meta property=\"og:locale\" content=\"en_US\" \/>\n<meta property=\"og:type\" content=\"article\" \/>\n<meta property=\"og:title\" content=\"Contacto - Fantasma Films\" \/>\n<meta property=\"og:description\" content=\"[...]Read More... from Contacto\" \/>\n<meta property=\"og:url\" content=\"https:\/\/fantasmafilms.com\/en\/contacto\/\" \/>\n<meta property=\"og:site_name\" content=\"Fantasma Films\" \/>\n<meta property=\"article:publisher\" content=\"https:\/\/www.facebook.com\/fantasmafilms\/\" \/>\n<meta property=\"article:modified_time\" content=\"2024-03-11T00:14:36+00:00\" \/>\n<meta name=\"twitter:card\" content=\"summary_large_image\" \/>\n<script type=\"application\/ld+json\" class=\"yoast-schema-graph\">{\"@context\":\"https:\/\/schema.org\",\"@graph\":[{\"@type\":\"WebPage\",\"@id\":\"https:\/\/fantasmafilms.com\/contacto\/\",\"url\":\"https:\/\/fantasmafilms.com\/contacto\/\",\"name\":\"Contacto - Fantasma Films\",\"isPartOf\":{\"@id\":\"https:\/\/fantasmafilms.com\/#website\"},\"datePublished\":\"2022-04-04T21:20:12+00:00\",\"dateModified\":\"2024-03-11T00:14:36+00:00\",\"breadcrumb\":{\"@id\":\"https:\/\/fantasmafilms.com\/contacto\/#breadcrumb\"},\"inLanguage\":\"en-US\",\"potentialAction\":[{\"@type\":\"ReadAction\",\"target\":[\"https:\/\/fantasmafilms.com\/contacto\/\"]}]},{\"@type\":\"BreadcrumbList\",\"@id\":\"https:\/\/fantasmafilms.com\/contacto\/#breadcrumb\",\"itemListElement\":[{\"@type\":\"ListItem\",\"position\":1,\"name\":\"Inicio\",\"item\":\"https:\/\/fantasmafilms.com\/\"},{\"@type\":\"ListItem\",\"position\":2,\"name\":\"Contacto\"}]},{\"@type\":\"WebSite\",\"@id\":\"https:\/\/fantasmafilms.com\/#website\",\"url\":\"https:\/\/fantasmafilms.com\/\",\"name\":\"Fantasma Films\",\"description\":\"Casa productora audiovisual\",\"publisher\":{\"@id\":\"https:\/\/fantasmafilms.com\/#organization\"},\"potentialAction\":[{\"@type\":\"SearchAction\",\"target\":{\"@type\":\"EntryPoint\",\"urlTemplate\":\"https:\/\/fantasmafilms.com\/?s={search_term_string}\"},\"query-input\":{\"@type\":\"PropertyValueSpecification\",\"valueRequired\":true,\"valueName\":\"search_term_string\"}}],\"inLanguage\":\"en-US\"},{\"@type\":\"Organization\",\"@id\":\"https:\/\/fantasmafilms.com\/#organization\",\"name\":\"Fantasma Films\",\"url\":\"https:\/\/fantasmafilms.com\/\",\"logo\":{\"@type\":\"ImageObject\",\"inLanguage\":\"en-US\",\"@id\":\"https:\/\/fantasmafilms.com\/#\/schema\/logo\/image\/\",\"url\":\"https:\/\/fantasmafilms.com\/wp-content\/uploads\/2022\/10\/Emblema-FF.png\",\"contentUrl\":\"https:\/\/fantasmafilms.com\/wp-content\/uploads\/2022\/10\/Emblema-FF.png\",\"width\":500,\"height\":499,\"caption\":\"Fantasma Films\"},\"image\":{\"@id\":\"https:\/\/fantasmafilms.com\/#\/schema\/logo\/image\/\"},\"sameAs\":[\"https:\/\/www.facebook.com\/fantasmafilms\/\",\"https:\/\/www.instagram.com\/fantasmafilms\/\",\"https:\/\/vimeo.com\/fantasmafilms\",\"https:\/\/mx.linkedin.com\/company\/fantasma-films?original_referer=httpsfantasmafilms.com\"]}]}<\/script>\n<!-- \/ Yoast SEO plugin. -->","yoast_head_json":{"title":"Contacto - Fantasma Films","robots":{"index":"index","follow":"follow","max-snippet":"max-snippet:-1","max-image-preview":"max-image-preview:large","max-video-preview":"max-video-preview:-1"},"canonical":"https:\/\/fantasmafilms.com\/en\/contacto\/","og_locale":"en_US","og_type":"article","og_title":"Contacto - Fantasma Films","og_description":"[...]Read More... from Contacto","og_url":"https:\/\/fantasmafilms.com\/en\/contacto\/","og_site_name":"Fantasma Films","article_publisher":"https:\/\/www.facebook.com\/fantasmafilms\/","article_modified_time":"2024-03-11T00:14:36+00:00","twitter_card":"summary_large_image","schema":{"@context":"https:\/\/schema.org","@graph":[{"@type":"WebPage","@id":"https:\/\/fantasmafilms.com\/contacto\/","url":"https:\/\/fantasmafilms.com\/contacto\/","name":"Contacto - Fantasma Films","isPartOf":{"@id":"https:\/\/fantasmafilms.com\/#website"},"datePublished":"2022-04-04T21:20:12+00:00","dateModified":"2024-03-11T00:14:36+00:00","breadcrumb":{"@id":"https:\/\/fantasmafilms.com\/contacto\/#breadcrumb"},"inLanguage":"en-US","potentialAction":[{"@type":"ReadAction","target":["https:\/\/fantasmafilms.com\/contacto\/"]}]},{"@type":"BreadcrumbList","@id":"https:\/\/fantasmafilms.com\/contacto\/#breadcrumb","itemListElement":[{"@type":"ListItem","position":1,"name":"Inicio","item":"https:\/\/fantasmafilms.com\/"},{"@type":"ListItem","position":2,"name":"Contacto"}]},{"@type":"WebSite","@id":"https:\/\/fantasmafilms.com\/#website","url":"https:\/\/fantasmafilms.com\/","name":"Fantasma Films","description":"Casa productora audiovisual","publisher":{"@id":"https:\/\/fantasmafilms.com\/#organization"},"potentialAction":[{"@type":"SearchAction","target":{"@type":"EntryPoint","urlTemplate":"https:\/\/fantasmafilms.com\/?s={search_term_string}"},"query-input":{"@type":"PropertyValueSpecification","valueRequired":true,"valueName":"search_term_string"}}],"inLanguage":"en-US"},{"@type":"Organization","@id":"https:\/\/fantasmafilms.com\/#organization","name":"Fantasma Films","url":"https:\/\/fantasmafilms.com\/","logo":{"@type":"ImageObject","inLanguage":"en-US","@id":"https:\/\/fantasmafilms.com\/#\/schema\/logo\/image\/","url":"https:\/\/fantasmafilms.com\/wp-content\/uploads\/2022\/10\/Emblema-FF.png","contentUrl":"https:\/\/fantasmafilms.com\/wp-content\/uploads\/2022\/10\/Emblema-FF.png","width":500,"height":499,"caption":"Fantasma Films"},"image":{"@id":"https:\/\/fantasmafilms.com\/#\/schema\/logo\/image\/"},"sameAs":["https:\/\/www.facebook.com\/fantasmafilms\/","https:\/\/www.instagram.com\/fantasmafilms\/","https:\/\/vimeo.com\/fantasmafilms","https:\/\/mx.linkedin.com\/company\/fantasma-films?original_referer=httpsfantasmafilms.com"]}]}},"_links":{"self":[{"href":"https:\/\/fantasmafilms.com\/en\/wp-json\/wp\/v2\/pages\/215","targetHints":{"allow":["GET"]}}],"collection":[{"href":"https:\/\/fantasmafilms.com\/en\/wp-json\/wp\/v2\/pages"}],"about":[{"href":"https:\/\/fantasmafilms.com\/en\/wp-json\/wp\/v2\/types\/page"}],"author":[{"embeddable":true,"href":"https:\/\/fantasmafilms.com\/en\/wp-json\/wp\/v2\/users\/1"}],"replies":[{"embeddable":true,"href":"https:\/\/fantasmafilms.com\/en\/wp-json\/wp\/v2\/comments?post=215"}],"version-history":[{"count":16,"href":"https:\/\/fantasmafilms.com\/en\/wp-json\/wp\/v2\/pages\/215\/revisions"}],"predecessor-version":[{"id":1294,"href":"https:\/\/fantasmafilms.com\/en\/wp-json\/wp\/v2\/pages\/215\/revisions\/1294"}],"wp:attachment":[{"href":"https:\/\/fantasmafilms.com\/en\/wp-json\/wp\/v2\/media?parent=215"}],"curies":[{"name":"wp","href":"https:\/\/api.w.org\/{rel}","templated":true}]}}